{"id":265,"date":"2017-06-21T08:08:41","date_gmt":"2017-06-21T08:08:41","guid":{"rendered":"http:\/\/dummy.xtemos.com\/woodmart\/?page_id=265"},"modified":"2025-04-17T16:31:40","modified_gmt":"2025-04-17T16:31:40","slug":"compare","status":"publish","type":"page","link":"https:\/\/lcmicemaker.com\/vi\/compare\/","title":{"rendered":"So s\u00e1nh"},"content":{"rendered":"<p class=\"wd-empty-compare wd-empty-page\">\n\t\t\tCompare list is empty.\t\t<\/p>\n\t\t\t\t\t<div class=\"wd-empty-page-text\">\n\t\t\t\tKh\u00f4ng c\u00f3 s\u1ea3n ph\u1ea9m n\u00e0o \u0111\u01b0\u1ee3c th\u00eam v\u00e0o danh s\u00e1ch so s\u00e1nh. B\u1ea1n ph\u1ea3i th\u00eam m\u1ed9t s\u1ed1 s\u1ea3n ph\u1ea9m \u0111\u1ec3 so s\u00e1nh ch\u00fang. B\u1ea1n s\u1ebd t\u00ecm th\u1ea5y r\u1ea5t nhi\u1ec1u s\u1ea3n ph\u1ea9m th\u00fa v\u1ecb tr\u00ean trang &quot;C\u1eeda h\u00e0ng&quot; c\u1ee7a ch\u00fang t\u00f4i.\t\t\t<\/div>\n\t\t\t\t<p class=\"return-to-shop\">\n\t\t\t<a class=\"button\" href=\"https:\/\/lcmicemaker.com\/vi\/shop\/\">\n\t\t\t\tReturn to shop\t\t\t<\/a>\n\t\t<\/p>","protected":false},"excerpt":{"rendered":"","protected":false},"author":1,"featured_media":0,"parent":0,"menu_order":0,"comment_status":"closed","ping_status":"closed","template":"","meta":{"footnotes":""},"class_list":["post-265","page","type-page","status-publish","hentry"],"_links":{"self":[{"href":"https:\/\/lcmicemaker.com\/vi\/wp-json\/wp\/v2\/pages\/265","targetHints":{"allow":["GET"]}}],"collection":[{"href":"https:\/\/lcmicemaker.com\/vi\/wp-json\/wp\/v2\/pages"}],"about":[{"href":"https:\/\/lcmicemaker.com\/vi\/wp-json\/wp\/v2\/types\/page"}],"author":[{"embeddable":true,"href":"https:\/\/lcmicemaker.com\/vi\/wp-json\/wp\/v2\/users\/1"}],"replies":[{"embeddable":true,"href":"https:\/\/lcmicemaker.com\/vi\/wp-json\/wp\/v2\/comments?post=265"}],"version-history":[{"count":1,"href":"https:\/\/lcmicemaker.com\/vi\/wp-json\/wp\/v2\/pages\/265\/revisions"}],"predecessor-version":[{"id":9396,"href":"https:\/\/lcmicemaker.com\/vi\/wp-json\/wp\/v2\/pages\/265\/revisions\/9396"}],"wp:attachment":[{"href":"https:\/\/lcmicemaker.com\/vi\/wp-json\/wp\/v2\/media?parent=265"}],"curies":[{"name":"wp","href":"https:\/\/api.w.org\/{rel}","templated":true}]}}