{"id":5212,"date":"2021-08-25T07:26:28","date_gmt":"2021-08-25T07:26:28","guid":{"rendered":"http:\/\/dummy.xtemos.com\/woodmart2\/?page_id=5212"},"modified":"2025-04-28T05:38:40","modified_gmt":"2025-04-28T05:38:40","slug":"about-us-3","status":"publish","type":"page","link":"https:\/\/lcmicemaker.com\/vi\/about-us-3\/","title":{"rendered":"V\u1ec1 ch\u00fang t\u00f4i"},"content":{"rendered":"<div id=\"wd-71e73bf2\" class=\"wp-block-wd-section\">\n<div id=\"wd-5ca05047\" class=\"wp-block-wd-row\">\n<div id=\"wd-a6d29b62\" class=\"wp-block-wd-column\">\n<p id=\"wd-9a74c592\" class=\"wp-block-wd-paragraph\">Gi\u1edbi thi\u1ec7u v\u1ec1 ch\u00fang t\u00f4i<\/p>\n\n\n\n<h2 id=\"wd-84a29a4b\" class=\"wp-block-wd-title title wd-custom-width\">Ch\u1ea5t l\u01b0\u1ee3ng \u0111\u1ea7u ti\u00ean, hi\u1ec7u qu\u1ea3 th\u1ee9 hai<\/h2>\n<\/div>\n\n\n\n<div id=\"wd-b38a92d6\" class=\"wp-block-wd-column\">\n<h2 id=\"wd-1dff8114\" class=\"wp-block-wd-title title\">OEM v\u00e0 ODM<\/h2>\n\n\n\n<p id=\"wd-a818c622\" class=\"wp-block-wd-paragraph wd-custom-width\">Ch\u00fang t\u00f4i h\u1ed7 tr\u1ee3 t\u00f9y ch\u1ec9nh to\u00e0n b\u1ed9 quy tr\u00ecnh, bao g\u1ed3m t\u00f9y ch\u1ec9nh logo, ch\u1ee9c n\u0103ng, giao di\u1ec7n, bao b\u00ec, v.v. \u0111\u1ec3 \u0111\u00e1p \u1ee9ng nhi\u1ec1u \u00fd t\u01b0\u1edfng kh\u00e1c nhau c\u1ee7a b\u1ea1n nh\u1eb1m t\u00f9y ch\u1ec9nh th\u01b0\u01a1ng hi\u1ec7u c\u1ee7a ri\u00eang b\u1ea1n.<\/p>\n<\/div>\n\n\n\n<div id=\"wd-80fc735b\" class=\"wp-block-wd-column\">\n<h2 id=\"wd-5c96156f\" class=\"wp-block-wd-title title\">Quy tr\u00ecnh l\u00e0m vi\u1ec7c c\u1ee7a ch\u00fang t\u00f4i<\/h2>\n\n\n\n<p id=\"wd-87ae095c\" class=\"wp-block-wd-paragraph wd-custom-width\">Quy tr\u00ecnh l\u00e0m vi\u1ec7c c\u1ee7a ch\u00fang t\u00f4i bao g\u1ed3m ti\u1ebfp nh\u1eadn \u0111\u01a1n h\u00e0ng, l\u00e0m khu\u00f4n, ki\u1ec3m tra, x\u00e1c nh\u1eadn v\u00e0 l\u00ean l\u1ecbch s\u1ea3n xu\u1ea5t h\u00e0ng lo\u1ea1t.<\/p>\n<\/div>\n<\/div>\n<\/div>\n\n\n\n<div id=\"wd-31bcbef8\" class=\"wp-block-wd-row\">\n<div id=\"wd-c60b3da1\" class=\"wp-block-wd-column\">\n<div id=\"wd-15d0e170\" class=\"wp-block-wd-image wd-block-image\"><img loading=\"lazy\" decoding=\"async\" width=\"1301\" height=\"743\" class=\"wp-image-34273\" src=\"https:\/\/lcmicemaker.com\/wp-content\/uploads\/2025\/04\/\u5de5\u5382\u56fe.png\" alt=\"\" srcset=\"https:\/\/lcmicemaker.com\/wp-content\/uploads\/2025\/04\/\u5de5\u5382\u56fe.png 1301w, https:\/\/lcmicemaker.com\/wp-content\/uploads\/2025\/04\/\u5de5\u5382\u56fe-400x228.png 400w, https:\/\/lcmicemaker.com\/wp-content\/uploads\/2025\/04\/\u5de5\u5382\u56fe-768x439.png 768w, https:\/\/lcmicemaker.com\/wp-content\/uploads\/2025\/04\/\u5de5\u5382\u56fe-430x246.png 430w, https:\/\/lcmicemaker.com\/wp-content\/uploads\/2025\/04\/\u5de5\u5382\u56fe-700x400.png 700w, https:\/\/lcmicemaker.com\/wp-content\/uploads\/2025\/04\/\u5de5\u5382\u56fe-150x86.png 150w\" sizes=\"auto, (max-width: 1301px) 100vw, 1301px\" \/><\/div>\n<\/div>\n\n\n\n<div id=\"wd-8a8a9800\" class=\"wp-block-wd-column\">\n<p id=\"wd-9b2e7492\" class=\"wp-block-wd-paragraph\">C\u00f4ng ty TNHH Th\u01b0\u01a1ng m\u1ea1i \u0111i\u1ec7n t\u1eed \u0110\u00f4ng Quan Huangxiaoxian<\/p>\n\n\n\n<h2 id=\"wd-7e205a3c\" class=\"wp-block-wd-title title\">Gi\u1edbi thi\u1ec7u v\u1ec1 nh\u00e0 m\u00e1y c\u1ee7a ch\u00fang t\u00f4i<\/h2>\n\n\n\n<p id=\"wd-543f6644\" class=\"wp-block-wd-paragraph\">C\u00f4ng ty TNHH Th\u01b0\u01a1ng m\u1ea1i \u0111i\u1ec7n t\u1eed Dongguan Huangxiaoxian chuy\u00ean v\u1ec1 R&amp;D v\u00e0 s\u1ea3n xu\u1ea5t thi\u1ebft b\u1ecb l\u00e0m l\u1ea1nh, bao g\u1ed3m m\u00e1y l\u00e0m \u0111\u00e1 h\u00ecnh c\u1ea7u, h\u00ecnh vi\u00ean \u0111\u1ea1n v\u00e0 d\u1ea1ng nhai, c\u0169ng nh\u01b0 t\u1ee7 l\u1ea1nh \u00f4 t\u00f4. C\u00e1c th\u01b0\u01a1ng hi\u1ec7u \u0111\u00e1ng tin c\u1eady c\u1ee7a ch\u00fang t\u00f4i bao g\u1ed3m GPX, JENSEN, SYLVANIA, CRAIG (Hoa K\u1ef3) v\u00e0 LENCO, DENVER, ROADSTAR, BUSH (Ch\u00e2u \u00c2u). V\u1edbi c\u00e1c ph\u00f2ng ban m\u1ea1nh m\u1ebd nh\u01b0 R&amp;D, Ch\u1ea5t l\u01b0\u1ee3ng, S\u1ea3n xu\u1ea5t v\u00e0 QC, ch\u00fang t\u00f4i duy tr\u00ec ph\u01b0\u01a1ng ph\u00e1p ti\u1ebfp c\u1eadn l\u1ea5y ch\u1ea5t l\u01b0\u1ee3ng l\u00e0m tr\u1ecdng t\u00e2m, l\u1ea5y t\u00ednh to\u00e0n v\u1eb9n l\u00e0m \u0111\u1ed9ng l\u1ef1c. C\u00e1c s\u1ea3n ph\u1ea9m \u0111\u00e1ng tin c\u1eady v\u00e0 l\u1ee3i th\u1ebf c\u1ea1nh tranh c\u1ee7a ch\u00fang t\u00f4i th\u00fac \u0111\u1ea9y doanh thu h\u00e0ng n\u0103m kho\u1ea3ng 250 tri\u1ec7u RMB, \u0111\u1ea3m b\u1ea3o t\u0103ng tr\u01b0\u1edfng \u1ed5n \u0111\u1ecbnh.<\/p>\n\n\n\n<div id=\"wd-511e1e1f\" class=\"wp-block-wd-divider wd-style-line\"><\/div>\n\n\n\n<div id=\"wd-67b59ae8\" class=\"wp-block-wd-container wd-dir-row wd-align-is-lg-center\">\n<p id=\"wd-58fb9bf1\" class=\"wp-block-wd-paragraph\"><em><strong><a href=\"http:\/\/xtemos.com\/\">\u0110\u01b0\u1ee3c ph\u00e1t tri\u1ec3n b\u1edfi\u00a0<\/a>\u00a0<em><strong><a href=\"https:\/\/lcmicemaker.com\/vi\/about-us-3\/\">H<\/a><\/strong><\/em><a href=\"https:\/\/lcmicemaker.com\/vi\/about-us-3\/\"><span class=\"wd-highlight\">X<\/span><em><strong><a href=\"https:\/\/lcmicemaker.com\/vi\/about-us-3\/\"><span class=\"wd-highlight\">X<\/span><\/a><\/strong><\/em>M\u00c1Y L\u00c0M \u0110\u00c1 @ 2025<\/a><\/strong><\/em><\/p>\n\n\n\t\t\t<div id=\"wd-f71eaa25\" class=\"wd-social-icons wd-layout-justify wd-style-colored-alt wd-size-small social-share wd-shape-circle\">\n\t\t\t\t\n\t\t\t\t\n\t\t\t\t\t\t\t\t\t<a rel=\"noopener noreferrer nofollow\" href=\"https:\/\/www.facebook.com\/sharer\/sharer.php?u=https:\/\/lcmicemaker.com\/vi\/about-us-3\/\" target=\"_blank\" class=\"wd-social-icon social-facebook\" aria-label=\"Facebook social link\">\n\t\t\t\t\t\t<span class=\"wd-icon\"><\/span>\n\t\t\t\t\t\t\t\t\t\t\t<\/a>\n\t\t\t\t\n\t\t\t\t\t\t\t\t\t<a rel=\"noopener noreferrer nofollow\" href=\"https:\/\/x.com\/share?url=https:\/\/lcmicemaker.com\/vi\/about-us-3\/\" target=\"_blank\" class=\"wd-social-icon social-twitter\" aria-label=\"X social link\">\n\t\t\t\t\t\t<span class=\"wd-icon\"><\/span>\n\t\t\t\t\t\t\t\t\t\t\t<\/a>\n\t\t\t\t\n\t\t\t\t\n\t\t\t\t\n\t\t\t\t\n\t\t\t\t\t\t\t\t\t<a rel=\"noopener noreferrer nofollow\" href=\"https:\/\/pinterest.com\/pin\/create\/button\/?url=https:\/\/lcmicemaker.com\/vi\/about-us-3\/&#038;media=https:\/\/lcmicemaker.com\/wp-includes\/images\/media\/default.svg&#038;description=About+us\" target=\"_blank\" class=\"wd-social-icon social-pinterest\" aria-label=\"Pinterest social link\">\n\t\t\t\t\t\t<span class=\"wd-icon\"><\/span>\n\t\t\t\t\t\t\t\t\t\t\t<\/a>\n\t\t\t\t\n\t\t\t\t\n\t\t\t\t\t\t\t\t\t<a rel=\"noopener noreferrer nofollow\" href=\"https:\/\/www.linkedin.com\/shareArticle?mini=true&#038;url=https:\/\/lcmicemaker.com\/vi\/about-us-3\/\" target=\"_blank\" class=\"wd-social-icon social-linkedin\" aria-label=\"Linkedin social link\">\n\t\t\t\t\t\t<span class=\"wd-icon\"><\/span>\n\t\t\t\t\t\t\t\t\t\t\t<\/a>\n\t\t\t\t\n\t\t\t\t\n\t\t\t\t\n\t\t\t\t\n\t\t\t\t\n\t\t\t\t\n\t\t\t\t\n\t\t\t\t\n\t\t\t\t\n\t\t\t\t\n\t\t\t\t\n\t\t\t\t\n\t\t\t\t\n\t\t\t\t\n\t\t\t\t\n\t\t\t\t\n\t\t\t\t\t\t\t\t\t<a rel=\"noopener noreferrer nofollow\" href=\"https:\/\/telegram.me\/share\/url?url=https:\/\/lcmicemaker.com\/vi\/about-us-3\/\" target=\"_blank\" class=\"wd-social-icon social-tg\" aria-label=\"Telegram social link\">\n\t\t\t\t\t\t<span class=\"wd-icon\"><\/span>\n\t\t\t\t\t\t\t\t\t\t\t<\/a>\n\t\t\t\t\n\t\t\t\t\n\t\t\t<\/div>\n\n\t\t<\/div>\n<\/div>\n<\/div>\n\n\n\n<div id=\"wd-4e76261e\" class=\"wp-block-wd-section\">\n<div id=\"wd-f77bfcc8\" class=\"wp-block-wd-row\">\n<div id=\"wd-79ab2d7d\" class=\"wp-block-wd-column color-scheme-light wd-align\">\n<p id=\"wd-222e049d\" class=\"wp-block-wd-paragraph\">M\u00e1y l\u00e0m \u0111\u00e1 HXX<\/p>\n\n\n\n<h2 id=\"wd-c2316bf5\" class=\"wp-block-wd-title title wd-custom-width\">Nh\u00e0 m\u00e1y \u0111i\u1ec7n<\/h2>\n\n\n\n<a id=\"wd-fec02fc7\" class=\"wp-block-wd-button btn btn-style-link btn-color-white btn-size-default\"><span>Nh\u1eefng g\u00ec ch\u00fang ta c\u00f3 \u0111\u1ec3 t\u0103ng c\u01b0\u1eddng s\u1ee9c m\u1ea1nh s\u1ea3n xu\u1ea5t<\/span><\/a>\n<\/div>\n\n\n\n<div id=\"wd-5844915f\" class=\"wp-block-wd-column color-scheme-light\">\n<div id=\"wd-7b14ffd3\" class=\"wp-block-wd-row\">\n<div id=\"wd-fb7ff922\" class=\"wp-block-wd-column wd-align\">\n<div id=\"wd-1355bb71\" class=\"wp-block-wd-animated-counter\"><span data-state=\"new\" data-final=\"2002\">0<\/span><\/div>\n\n\n\n<p id=\"wd-3c5e972b\" class=\"wp-block-wd-paragraph\">N\u0103m th\u00e0nh l\u1eadp<\/p>\n<\/div>\n\n\n\n<div id=\"wd-24cf6859\" class=\"wp-block-wd-column wd-align\">\n<div id=\"wd-bfead99a\" class=\"wp-block-wd-animated-counter\"><span data-state=\"new\" data-final=\"12000\">0<\/span><\/div>\n\n\n\n<p id=\"wd-ef8688b7\" class=\"wp-block-wd-paragraph\">m\u00b3 Di\u1ec7n t\u00edch nh\u00e0 m\u00e1y<\/p>\n<\/div>\n<\/div>\n\n\n\n<div id=\"wd-9548856b\" class=\"wp-block-wd-row\">\n<div id=\"wd-7a8c9ebf\" class=\"wp-block-wd-column wd-align\">\n<div id=\"wd-e3e21c9f\" class=\"wp-block-wd-animated-counter\"><span data-state=\"new\" data-final=\"8\">0<\/span><\/div>\n\n\n\n<p id=\"wd-a956e82b\" class=\"wp-block-wd-paragraph\">D\u00e2y chuy\u1ec1n s\u1ea3n xu\u1ea5t<\/p>\n<\/div>\n\n\n\n<div id=\"wd-547d342f\" class=\"wp-block-wd-column wd-align\">\n<div id=\"wd-f9b62fb3\" class=\"wp-block-wd-animated-counter\"><span data-state=\"new\" data-final=\"3\">0<\/span><\/div>\n\n\n\n<p id=\"wd-64e7bea7\" class=\"wp-block-wd-paragraph\">T\u00f2a nh\u00e0 s\u1ea3n xu\u1ea5t<\/p>\n<\/div>\n<\/div>\n\n\n\n<div id=\"wd-cba9bb4d\" class=\"wp-block-wd-row\">\n<div id=\"wd-b45998e7\" class=\"wp-block-wd-column wd-align\">\n<div id=\"wd-007c6e34\" class=\"wp-block-wd-animated-counter\"><span data-state=\"new\" data-final=\"400\">0<\/span><\/div>\n\n\n\n<p id=\"wd-3b554881\" class=\"wp-block-wd-paragraph\">TH\u00c0NH VI\u00caN NH\u00d3M<\/p>\n<\/div>\n\n\n\n<div id=\"wd-ef082330\" class=\"wp-block-wd-column wd-align\">\n<div id=\"wd-cbcf6ac2\" class=\"wp-block-wd-animated-counter\"><span data-state=\"new\" data-final=\"25\">0<\/span><\/div>\n\n\n\n<p id=\"wd-c0ebf7d6\" class=\"wp-block-wd-paragraph\">M\u00e1y \u00e9p phun<\/p>\n<\/div>\n<\/div>\n<\/div>\n<\/div>\n<\/div>\n\n\n<div class=\"wp-block-image\">\n<figure class=\"aligncenter size-large\"><img loading=\"lazy\" decoding=\"async\" width=\"744\" height=\"800\" src=\"https:\/\/lcmicemaker.com\/wp-content\/uploads\/2025\/04\/1ed243f2-3308-4886-bd93-7624d3b71210-744x800.jpg\" alt=\"\" class=\"wp-image-34274\" srcset=\"https:\/\/lcmicemaker.com\/wp-content\/uploads\/2025\/04\/1ed243f2-3308-4886-bd93-7624d3b71210-744x800.jpg 744w, https:\/\/lcmicemaker.com\/wp-content\/uploads\/2025\/04\/1ed243f2-3308-4886-bd93-7624d3b71210-279x300.jpg 279w, https:\/\/lcmicemaker.com\/wp-content\/uploads\/2025\/04\/1ed243f2-3308-4886-bd93-7624d3b71210-768x826.jpg 768w, https:\/\/lcmicemaker.com\/wp-content\/uploads\/2025\/04\/1ed243f2-3308-4886-bd93-7624d3b71210-430x463.jpg 430w, https:\/\/lcmicemaker.com\/wp-content\/uploads\/2025\/04\/1ed243f2-3308-4886-bd93-7624d3b71210-700x753.jpg 700w, https:\/\/lcmicemaker.com\/wp-content\/uploads\/2025\/04\/1ed243f2-3308-4886-bd93-7624d3b71210-150x161.jpg 150w, https:\/\/lcmicemaker.com\/wp-content\/uploads\/2025\/04\/1ed243f2-3308-4886-bd93-7624d3b71210.jpg 790w\" sizes=\"auto, (max-width: 744px) 100vw, 744px\" \/><\/figure><\/div>","protected":false},"excerpt":{"rendered":"","protected":false},"author":1,"featured_media":0,"parent":0,"menu_order":0,"comment_status":"closed","ping_status":"closed","template":"","meta":{"footnotes":""},"class_list":["post-5212","page","type-page","status-publish","hentry"],"_links":{"self":[{"href":"https:\/\/lcmicemaker.com\/vi\/wp-json\/wp\/v2\/pages\/5212","targetHints":{"allow":["GET"]}}],"collection":[{"href":"https:\/\/lcmicemaker.com\/vi\/wp-json\/wp\/v2\/pages"}],"about":[{"href":"https:\/\/lcmicemaker.com\/vi\/wp-json\/wp\/v2\/types\/page"}],"author":[{"embeddable":true,"href":"https:\/\/lcmicemaker.com\/vi\/wp-json\/wp\/v2\/users\/1"}],"replies":[{"embeddable":true,"href":"https:\/\/lcmicemaker.com\/vi\/wp-json\/wp\/v2\/comments?post=5212"}],"version-history":[{"count":3,"href":"https:\/\/lcmicemaker.com\/vi\/wp-json\/wp\/v2\/pages\/5212\/revisions"}],"predecessor-version":[{"id":34277,"href":"https:\/\/lcmicemaker.com\/vi\/wp-json\/wp\/v2\/pages\/5212\/revisions\/34277"}],"wp:attachment":[{"href":"https:\/\/lcmicemaker.com\/vi\/wp-json\/wp\/v2\/media?parent=5212"}],"curies":[{"name":"wp","href":"https:\/\/api.w.org\/{rel}","templated":true}]}}