{"id":5288,"date":"2021-08-25T09:00:10","date_gmt":"2021-08-25T09:00:10","guid":{"rendered":"http:\/\/dummy.xtemos.com\/woodmart2\/?page_id=5288"},"modified":"2025-05-11T11:59:37","modified_gmt":"2025-05-11T11:59:37","slug":"contact-us","status":"publish","type":"page","link":"https:\/\/lcmicemaker.com\/vi\/contact-us\/","title":{"rendered":"Li\u00ean h\u1ec7 v\u1edbi ch\u00fang t\u00f4i"},"content":{"rendered":"<div id=\"wd-88522286\" class=\"wp-block-wd-row\">\n<div id=\"wd-5d530347\" class=\"wp-block-wd-column\">\n<p id=\"wd-36b48111\" class=\"wp-block-wd-paragraph\">H\u1ecfi &amp; \u0110\u00e1p<\/p>\n\n\n\n<h2 id=\"wd-c9724383\" class=\"wp-block-wd-title title\">H\u1ecfi &amp; \u0110\u00e1p<\/h2>\n\n\n\n<div id=\"wd-810b357c\" class=\"wp-block-wd-accordion wd-accordion wd-style-default wd-titles-start wd-opener-style-arrow wd-opener-pos-end\" data-state=\"first\">\n<div id=\"wd-c0cdcf1e\" class=\"wp-block-wd-accordion-pane wd-accordion-item\"><div class=\"wd-accordion-title wd-active\"><div class=\"wd-accordion-title-text\"><span>B\u1ea1n c\u00f3 th\u1ec3 t\u00f9y ch\u1ec9nh m\u00e1y l\u00e0m \u0111\u00e1 c\u1ee7a m\u00ecnh kh\u00f4ng?<\/span><\/div><span class=\"wd-accordion-opener\"><\/span><\/div><div class=\"wd-accordion-content wd-active\"><div class=\"wd-accordion-content-inner\">\n<p id=\"wd-18fa2221\" class=\"wp-block-wd-paragraph\">C\u00f3, ch\u00fang t\u00f4i c\u00f3 th\u1ec3. Ch\u00fang t\u00f4i c\u00f3 th\u1ec3 t\u00f9y ch\u1ec9nh logo, ch\u1ee9c n\u0103ng, giao di\u1ec7n, v.v. Ch\u1ec9 c\u1ea7n c\u00f3 nhu c\u1ea7u, ch\u00fang t\u00f4i c\u00f3 th\u1ec3 \u0111\u00e1p \u1ee9ng b\u1ea1n.<\/p>\n<\/div><\/div><\/div>\n\n\n\n<div id=\"wd-eb8e0dfd\" class=\"wp-block-wd-accordion-pane wd-accordion-item\"><div class=\"wd-accordion-title\"><div class=\"wd-accordion-title-text\"><span><strong>B\u1ea1n cung c\u1ea5p nh\u1eefng lo\u1ea1i m\u00e1y l\u00e0m \u0111\u00e1 n\u00e0o cho \u0111\u01a1n h\u00e0ng s\u1ed1 l\u01b0\u1ee3ng l\u1edbn?<\/strong><\/span><\/div><span class=\"wd-accordion-opener\"><\/span><\/div><div class=\"wd-accordion-content\"><div class=\"wd-accordion-content-inner\">\n<p id=\"wd-7199724e\" class=\"wp-block-wd-paragraph\">Ch\u00fang t\u00f4i cung c\u1ea5p nhi\u1ec1u lo\u1ea1i m\u00e1y l\u00e0m \u0111\u00e1, bao g\u1ed3m m\u00e1y l\u00e0m \u0111\u00e1 h\u00ecnh c\u1ea7u, h\u00ecnh vi\u00ean \u0111\u1ea1n v\u00e0 d\u1ea1ng nhai, c\u0169ng nh\u01b0 t\u1ee7 l\u1ea1nh \u00f4 t\u00f4, d\u01b0\u1edbi c\u00e1c th\u01b0\u01a1ng hi\u1ec7u uy t\u00edn nh\u01b0 GPX, JENSEN, LENCO v\u00e0 BUSH, \u0111\u1ea3m b\u1ea3o s\u1ef1 \u0111a d\u1ea1ng cho nhu c\u1ea7u kinh doanh c\u1ee7a b\u1ea1n.<\/p>\n<\/div><\/div><\/div>\n\n\n\n<div id=\"wd-96c78318\" class=\"wp-block-wd-accordion-pane wd-accordion-item\"><div class=\"wd-accordion-title\"><div class=\"wd-accordion-title-text\"><span><strong>N\u0103ng l\u1ef1c s\u1ea3n xu\u1ea5t c\u1ee7a b\u1ea1n cho c\u00e1c \u0111\u01a1n h\u00e0ng s\u1ed1 l\u01b0\u1ee3ng l\u1edbn l\u00e0 bao nhi\u00eau?<\/strong><\/span><\/div><span class=\"wd-accordion-opener\"><\/span><\/div><div class=\"wd-accordion-content\"><div class=\"wd-accordion-content-inner\">\n<p id=\"wd-d2fdc58a\" class=\"wp-block-wd-paragraph\">V\u1edbi c\u01a1 s\u1edf s\u1ea3n xu\u1ea5t ti\u00ean ti\u1ebfn, ch\u00fang t\u00f4i c\u00f3 th\u1ec3 x\u1eed l\u00fd hi\u1ec7u qu\u1ea3 c\u00e1c \u0111\u01a1n h\u00e0ng l\u1edbn, s\u1ea3n xu\u1ea5t t\u1edbi 82 m\u00e1y l\u00e0m \u0111\u00e1 h\u00ecnh c\u1ea7u m\u1ed7i ng\u00e0y cho m\u1ed7i \u0111\u01a1n v\u1ecb, v\u1edbi s\u1ef1 h\u1ed7 tr\u1ee3 c\u1ee7a b\u1ed9 ph\u1eadn s\u1ea3n xu\u1ea5t v\u00e0 ki\u1ec3m so\u00e1t ch\u1ea5t l\u01b0\u1ee3ng m\u1ea1nh m\u1ebd.<\/p>\n<\/div><\/div><\/div>\n\n\n\n<div id=\"wd-280ee6b8\" class=\"wp-block-wd-accordion-pane wd-accordion-item\"><div class=\"wd-accordion-title\"><div class=\"wd-accordion-title-text\"><span><strong>L\u00e0m th\u1ebf n\u00e0o \u0111\u1ec3 \u0111\u1ea3m b\u1ea3o ch\u1ea5t l\u01b0\u1ee3ng s\u1ea3n ph\u1ea9m trong kho c\u1ee7a ch\u00fang t\u00f4i?<\/strong><\/span><\/div><span class=\"wd-accordion-opener\"><\/span><\/div><div class=\"wd-accordion-content\"><div class=\"wd-accordion-content-inner\">\n<p id=\"wd-16ccb245\" class=\"wp-block-wd-paragraph\">B\u1ed9 ph\u1eadn Ch\u1ea5t l\u01b0\u1ee3ng v\u00e0 QC c\u1ee7a ch\u00fang t\u00f4i ki\u1ec3m tra nghi\u00eam ng\u1eb7t t\u1eebng \u0111\u01a1n v\u1ecb, tu\u00e2n th\u1ee7 c\u00e1c ti\u00eau chu\u1ea9n nghi\u00eam ng\u1eb7t. Ch\u00fang t\u00f4i \u01b0u ti\u00ean c\u00e1c nguy\u00ean t\u1eafc ch\u1ea5t l\u01b0\u1ee3ng h\u00e0ng \u0111\u1ea7u, \u0111\u1ea3m b\u1ea3o c\u00e1c s\u1ea3n ph\u1ea9m \u0111\u00e1ng tin c\u1eady, b\u1ec1n l\u00e2u m\u00e0 kh\u00e1ch h\u00e0ng c\u1ee7a b\u1ea1n c\u00f3 th\u1ec3 tin t\u01b0\u1edfng.<\/p>\n<\/div><\/div><\/div>\n\n\n\n<div id=\"wd-403ef5e6\" class=\"wp-block-wd-accordion-pane wd-accordion-item\"><div class=\"wd-accordion-title\"><div class=\"wd-accordion-title-text\"><span><strong>B\u1ea1n cung c\u1ea5p d\u1ecbch v\u1ee5 h\u1ed7 tr\u1ee3 sau b\u00e1n h\u00e0ng nh\u01b0 th\u1ebf n\u00e0o?<\/strong><\/span><\/div><span class=\"wd-accordion-opener\"><\/span><\/div><div class=\"wd-accordion-content\"><div class=\"wd-accordion-content-inner\">\n<p id=\"wd-4a029a4d\" class=\"wp-block-wd-paragraph\">Ch\u00fang t\u00f4i cung c\u1ea5p d\u1ecbch v\u1ee5 h\u1ed7 tr\u1ee3 to\u00e0n di\u1ec7n sau b\u00e1n h\u00e0ng, bao g\u1ed3m h\u01b0\u1edbng d\u1eabn b\u1ea3o tr\u00ec, ph\u1ee5 t\u00f9ng thay th\u1ebf v\u00e0 ph\u1ea3n h\u1ed3i nhanh ch\u00f3ng cho m\u1ecdi v\u1ea5n \u0111\u1ec1, \u0111\u1ea3m b\u1ea3o ho\u1ea1t \u0111\u1ed9ng kinh doanh c\u1ee7a b\u1ea1n di\u1ec5n ra su\u00f4n s\u1ebb v\u1edbi th\u1eddi gian ng\u1eebng ho\u1ea1t \u0111\u1ed9ng t\u1ed1i thi\u1ec3u.<\/p>\n<\/div><\/div><\/div>\n<\/div>\n<\/div>\n\n\n\n<div id=\"wd-acbb9613\" class=\"wp-block-wd-column\">\n<div id=\"wd-0f1ac187\" class=\"wp-block-wd-divider wd-style-line wd-added-title wd-pos-start\"><div class=\"wd-divider-inner\">\n<h2 id=\"wd-235c5bc8\" class=\"wp-block-wd-title title\">C\u00c1C C\u00c2U H\u1eceI TH\u01af\u1edcNG G\u1eb6P<\/h2>\n<\/div><\/div>\n\n\n\n<p id=\"wd-d9fa3285\" class=\"wp-block-wd-paragraph\">V\u1edbi m\u1ee5c ti\u00eau \u0111\u00e1p \u1ee9ng nhu c\u1ea7u c\u1ee7a kh\u00e1ch h\u00e0ng m\u1ecdi l\u00fac v\u00e0 cung c\u1ea5p d\u1ecbch v\u1ee5 k\u1ecbp th\u1eddi v\u00e0 hi\u1ec7u qu\u1ea3, ch\u00fang t\u00f4i \u0111\u00e3 thi\u1ebft l\u1eadp m\u1ed9t m\u1ea1ng l\u01b0\u1edbi d\u1ecbch v\u1ee5 ho\u00e0n ch\u1ec9nh tr\u00ean to\u00e0n th\u1ebf gi\u1edbi. Hi\u1ec7n t\u1ea1i, c\u00f3 c\u00e1c c\u1eeda h\u00e0ng d\u1ecbch v\u1ee5 \u1edf Nam Trung Qu\u1ed1c, \u0110\u00f4ng Trung Qu\u1ed1c, \u0110\u00f4ng Nam Trung Qu\u1ed1c, B\u1eafc Trung Qu\u1ed1c, T\u00e2y B\u1eafc Trung Qu\u1ed1c, T\u00e2y Nam Trung Qu\u1ed1c v\u00e0 Trung Trung Qu\u1ed1c, c\u00f3 th\u1ec3 tr\u1ef1c ti\u1ebfp cung c\u1ea5p cho kh\u00e1ch h\u00e0ng d\u1ecbch v\u1ee5 b\u1ea3o tr\u00ec v\u00e0 s\u1eeda ch\u1eefa l\u1ea7n \u0111\u1ea7u ti\u00ean.<\/p>\n\n\n\n<div id=\"wd-e0877ec4\" class=\"wp-block-wd-divider wd-style-line wd-added-title wd-pos-start\"><div class=\"wd-divider-inner\">\n<h2 id=\"wd-25617101\" class=\"wp-block-wd-title title\">LI\u00caN H\u1ec6 V\u1edaI CH\u00daNG T\u00d4I<\/h2>\n<\/div><\/div>\n\n\n\n<div id=\"wd-15b2d409\" class=\"wp-block-wd-row\">\n<div id=\"wd-e9725c4a\" class=\"wp-block-wd-column\">\n<div id=\"wd-4ddde1fb\" class=\"wp-block-wd-infobox wd-hover-parent wd-icon-start\">\n<div id=\"wd-baac5301\" class=\"wp-block-wd-icon\"><img decoding=\"async\" class=\"wp-image-34279\" src=\"https:\/\/lcmicemaker.com\/wp-content\/uploads\/2025\/04\/w-cellphone.svg\" alt=\"\"\/><\/div>\n\n\n\n<div id=\"wd-03e585b3\" class=\"wp-block-wd-container wd-dir-col\">\n<p id=\"wd-d72984af\" class=\"wp-block-wd-paragraph\"><strong><span class=\"wd-highlight\">\u0110i\u1ec7n tho\u1ea1i:<\/span> <\/strong>+86 1 591 480 2022<br><span class=\"wd-highlight\"><strong>E-mail:<\/strong> <\/span>xtemos@gmail.com<\/p>\n<\/div>\n<\/div>\n\n\n\n<div id=\"wd-b1760aa4\" class=\"wp-block-wd-infobox wd-hover-parent wd-icon-start\">\n<div id=\"wd-b4312cac\" class=\"wp-block-wd-icon\"><img decoding=\"async\" class=\"wp-image-34280\" src=\"https:\/\/lcmicemaker.com\/wp-content\/uploads\/2025\/04\/w-airplane.svg\" alt=\"\"\/><\/div>\n\n\n\n<div id=\"wd-85c1c85c\" class=\"wp-block-wd-container wd-dir-col\">\n<p id=\"wd-cb393987\" class=\"wp-block-wd-paragraph\"><strong>Ph\u01b0\u01a1ng th\u1ee9c v\u1eadn chuy\u1ec3n kh\u00e1c nhau cho b\u1ea1n<\/strong><\/p>\n<\/div>\n<\/div>\n<\/div>\n\n\n\n<div id=\"wd-c55f2539\" class=\"wp-block-wd-column\">\n<div id=\"wd-bfa7c99f\" class=\"wp-block-wd-infobox wd-hover-parent wd-icon-start\">\n<div id=\"wd-41507a6a\" class=\"wp-block-wd-icon\"><img decoding=\"async\" class=\"wp-image-34281\" src=\"https:\/\/lcmicemaker.com\/wp-content\/uploads\/2025\/04\/w-chat.svg\" alt=\"\"\/><\/div>\n\n\n\n<div id=\"wd-5d3fd685\" class=\"wp-block-wd-container wd-dir-col\">\n<p id=\"wd-85108ad7\" class=\"wp-block-wd-paragraph\"><strong>Di\u1ec5n \u0111\u00e0n h\u1ed7 tr\u1ee3 h\u01a1n 24h<\/strong><\/p>\n<\/div>\n<\/div>\n\n\n\n<div id=\"wd-5ba90690\" class=\"wp-block-wd-infobox wd-hover-parent wd-icon-start\">\n<div id=\"wd-67635b33\" class=\"wp-block-wd-icon\"><img decoding=\"async\" class=\"wp-image-34282\" src=\"https:\/\/lcmicemaker.com\/wp-content\/uploads\/2025\/04\/w-map-placeholder-3.svg\" alt=\"\"\/><\/div>\n\n\n\n<div id=\"wd-61022da5\" class=\"wp-block-wd-container wd-dir-col\">\n<p id=\"wd-b02e211c\" class=\"wp-block-wd-paragraph\"><strong><span class=\"wd-highlight\">\u0110\u1ecba ch\u1ec9:<\/span> <\/strong>Wangniudun, \u0110\u00f4ng Ho\u1ea3n, Trung Qu\u1ed1c<\/p>\n<\/div>\n<\/div>\n<\/div>\n<\/div>\n\n\n\n<div id=\"wd-cf836453\" class=\"wp-block-wd-divider wd-style-line wd-pos-start\"><\/div>\n\n\n\n<p id=\"wd-46b19c73\" class=\"wp-block-wd-paragraph wd-custom-width\">B\u1ea1n c\u00f3 th\u1eafc m\u1eafc v\u1ec1 c\u00e1ch ch\u00fang t\u00f4i c\u00f3 th\u1ec3 gi\u00fap c\u00f4ng ty b\u1ea1n kh\u00f4ng? <a href=\"#\"><span class=\"wd-highlight\">H\u00e3y g\u1eedi email cho ch\u00fang t\u00f4i v\u00e0 ch\u00fang t\u00f4i s\u1ebd li\u00ean l\u1ea1c l\u1ea1i s\u1edbm.<\/span><\/a><\/p>\n<\/div>\n<\/div>","protected":false},"excerpt":{"rendered":"","protected":false},"author":1,"featured_media":0,"parent":0,"menu_order":0,"comment_status":"closed","ping_status":"closed","template":"","meta":{"footnotes":""},"class_list":["post-5288","page","type-page","status-publish","hentry"],"_links":{"self":[{"href":"https:\/\/lcmicemaker.com\/vi\/wp-json\/wp\/v2\/pages\/5288","targetHints":{"allow":["GET"]}}],"collection":[{"href":"https:\/\/lcmicemaker.com\/vi\/wp-json\/wp\/v2\/pages"}],"about":[{"href":"https:\/\/lcmicemaker.com\/vi\/wp-json\/wp\/v2\/types\/page"}],"author":[{"embeddable":true,"href":"https:\/\/lcmicemaker.com\/vi\/wp-json\/wp\/v2\/users\/1"}],"replies":[{"embeddable":true,"href":"https:\/\/lcmicemaker.com\/vi\/wp-json\/wp\/v2\/comments?post=5288"}],"version-history":[{"count":6,"href":"https:\/\/lcmicemaker.com\/vi\/wp-json\/wp\/v2\/pages\/5288\/revisions"}],"predecessor-version":[{"id":34382,"href":"https:\/\/lcmicemaker.com\/vi\/wp-json\/wp\/v2\/pages\/5288\/revisions\/34382"}],"wp:attachment":[{"href":"https:\/\/lcmicemaker.com\/vi\/wp-json\/wp\/v2\/media?parent=5288"}],"curies":[{"name":"wp","href":"https:\/\/api.w.org\/{rel}","templated":true}]}}