{"id":1204,"date":"2021-07-23T16:14:31","date_gmt":"2021-07-23T16:14:31","guid":{"rendered":"http:\/\/dummy.xtemos.com\/woodmart2\/?post_type=product&#038;p=1204"},"modified":"2025-08-17T14:44:39","modified_gmt":"2025-08-17T14:44:39","slug":"clear-sphere-ice-maker","status":"publish","type":"product","link":"https:\/\/lcmicemaker.com\/vi\/product\/clear-sphere-ice-maker\/","title":{"rendered":"M\u00e1y l\u00e0m \u0111\u00e1 Clear Sphere cho qu\u00e1n bar v\u00e0 gia \u0111\u00ecnh"},"content":{"rendered":"<div id=\"wd-1597c3e9\" class=\"wp-block-wd-container wd-dir-col\">\r\n<div id=\"wd-beedac5d\" class=\"wp-block-wd-row\">\r\n<div id=\"wd-020edbba\" class=\"wp-block-wd-column wd-bg-parent\"><div class=\"wd-bg-overlay\"><\/div>\r\n<h2 id=\"wd-6b673191\" class=\"wp-block-wd-title title\">M\u00e1y l\u00e0m \u0111\u00e1 vi\u00ean<\/h2>\r\n\r\n\r\n\r\n<p id=\"wd-05f249ad\" class=\"wp-block-wd-paragraph\">This exclusive ice ball machine produces ice balls with a diameter of 53mm, which slowly melt within 1-2 hours, preserving the original flavor of drinks and enhancing their quality. It features simple operation, a compact and durable design, quiet operation, and energy-efficient operation.Perfect for cocktails or whiskey at parties, it adds elegance to every sip in any setting.<\/p>\r\n\r\n\r\n\r\n<ul id=\"wd-867dbfb8\" class=\"wp-block-wd-list wd-list wd-type-unordered wd-style-default\">\r\n<li id=\"wd-77489dec\" class=\"wp-block-wd-list-item\"><div class=\"wd-icon\"><\/div><span class=\"wd-list-content\">M\u00e1y l\u00e0m \u0111\u00e1 vi\u00ean \u0111\u1ed9c quy\u1ec1n<\/span><\/li>\r\n\r\n\r\n\r\n<li id=\"wd-d838a438\" class=\"wp-block-wd-list-item\"><div class=\"wd-icon\"><\/div><span class=\"wd-list-content\">M\u1ea5t 1-2 gi\u1edd \u0111\u1ec3 tan ch\u1ea3y<\/span><\/li>\r\n\r\n\r\n\r\n<li id=\"wd-7f734f05\" class=\"wp-block-wd-list-item\"><div class=\"wd-icon\"><\/div><span class=\"wd-list-content\">53mm big ice ball<\/span><\/li>\r\n\r\n\r\n\r\n<li id=\"wd-1c7438cc\" class=\"wp-block-wd-list-item\"><div class=\"wd-icon\"><\/div><span class=\"wd-list-content\">D\u1ec5 d\u00e0ng v\u1eadn h\u00e0nh<\/span><\/li>\r\n<\/ul>\r\n\r\n\r\n\r\n<a id=\"wd-86eead31\" class=\"wp-block-wd-button btn btn-style-default btn-color-primary btn-size-default btn-shape-semi-round\" rel=\"noreferrer noopener\" href=\"https:\/\/wa.me\/8615914802022\" target=\"_blank\"><span>Li\u00ean h\u1ec7 v\u1edbi ch\u00fang t\u00f4i<\/span><\/a>\r\n<\/div>\r\n\r\n\r\n\r\n<div id=\"wd-9a0c395c\" class=\"wp-block-wd-column\">\r\n<div id=\"wd-50b09146\" class=\"wp-block-wd-image wd-block-image\"><img loading=\"lazy\" decoding=\"async\" width=\"600\" height=\"383\" class=\"wp-image-34265\" src=\"https:\/\/lcmicemaker.com\/wp-content\/uploads\/2021\/07\/2.png\" alt=\"\" srcset=\"https:\/\/lcmicemaker.com\/wp-content\/uploads\/2021\/07\/2.png 600w, https:\/\/lcmicemaker.com\/wp-content\/uploads\/2021\/07\/2-400x255.png 400w, https:\/\/lcmicemaker.com\/wp-content\/uploads\/2021\/07\/2-430x274.png 430w, https:\/\/lcmicemaker.com\/wp-content\/uploads\/2021\/07\/2-150x96.png 150w\" sizes=\"auto, (max-width: 600px) 100vw, 600px\" \/><\/div>\r\n<\/div>\r\n<\/div>\r\n\r\n\r\n\r\n<div id=\"wd-67401463\" class=\"wp-block-wd-row\">\r\n<div id=\"wd-d7e025c7\" class=\"wp-block-wd-column\">\r\n<div id=\"wd-f4d0786d\" class=\"wp-block-wd-gallery wd-grid-g wd-caption-mask\" style=\"--wd-col-lg:2;--wd-col-md:2;--wd-col-sm:2;--wd-gap-lg:20px;--wd-gap-sm: 10px;\">\r\n<div id=\"wd-696fb373\" class=\"wp-block-wd-gallery-item wd-col\"><div class=\"wd-block-image\"><img decoding=\"async\" class=\"wp-image-34430\" src=\"https:\/\/lcmicemaker.com\/wp-content\/uploads\/2017\/06\/\u5fae\u4fe1\u56fe\u7247_2025-08-17_222937_547.png\" alt=\"\"\/><\/div><\/div>\r\n\r\n\r\n\r\n<div id=\"wd-13a11db3\" class=\"wp-block-wd-gallery-item wd-col\"><div class=\"wd-block-image\"><img loading=\"lazy\" decoding=\"async\" width=\"800\" height=\"800\" class=\"wp-image-34267\" src=\"https:\/\/lcmicemaker.com\/wp-content\/uploads\/2021\/07\/4-1.jpg\" alt=\"\" srcset=\"https:\/\/lcmicemaker.com\/wp-content\/uploads\/2021\/07\/4-1.jpg 800w, https:\/\/lcmicemaker.com\/wp-content\/uploads\/2021\/07\/4-1-300x300.jpg 300w, https:\/\/lcmicemaker.com\/wp-content\/uploads\/2021\/07\/4-1-150x150.jpg 150w, https:\/\/lcmicemaker.com\/wp-content\/uploads\/2021\/07\/4-1-768x768.jpg 768w, https:\/\/lcmicemaker.com\/wp-content\/uploads\/2021\/07\/4-1-430x430.jpg 430w, https:\/\/lcmicemaker.com\/wp-content\/uploads\/2021\/07\/4-1-700x700.jpg 700w\" sizes=\"auto, (max-width: 800px) 100vw, 800px\" \/><\/div><\/div>\r\n<\/div>\r\n<\/div>\r\n\r\n\r\n\r\n<div id=\"wd-6f012d80\" class=\"wp-block-wd-column\">\r\n<h2 id=\"wd-794bc3ef\" class=\"wp-block-wd-title title\">T\u00ednh n\u0103ng\u200b<\/h2>\r\n\r\n\r\n\r\n<div id=\"wd-0c4ee0bc\" class=\"wp-block-wd-row\">\r\n<div id=\"wd-9d3f655d\" class=\"wp-block-wd-column\">\r\n<ul id=\"wd-93c9737d\" class=\"wp-block-wd-list wd-list wd-type-unordered wd-style-default\">\r\n<li id=\"wd-6d764983\" class=\"wp-block-wd-list-item\"><div class=\"wd-icon\"><\/div><span class=\"wd-list-content\">M\u00e0u s\u1eafc: \u0110en, Tr\u1eafng<\/span><\/li>\r\n\r\n\r\n\r\n<li id=\"wd-11ab7326\" class=\"wp-block-wd-list-item\"><div class=\"wd-icon\"><\/div><span class=\"wd-list-content\">K\u00edch th\u01b0\u1edbc: 284*<em>344*<\/em>413mm<\/span><\/li>\r\n\r\n\r\n\r\n<li id=\"wd-5151387c\" class=\"wp-block-wd-list-item\"><div class=\"wd-icon\"><\/div><span class=\"wd-list-content\">C\u00f4ng su\u1ea5t l\u00e0m \u0111\u00e1 \u0111\u01a1n: 2 C\u00c1I<\/span><\/li>\r\n\r\n\r\n\r\n<li id=\"wd-6a012dd6\" class=\"wp-block-wd-list-item\"><div class=\"wd-icon\"><\/div><span class=\"wd-list-content\">Ki\u1ec3u kh\u00ed h\u1eadu: ST\/N\/SN<\/span><\/li>\r\n\r\n\r\n\r\n<li id=\"wd-7b2098fc\" class=\"wp-block-wd-list-item\"><div class=\"wd-icon\"><\/div><span class=\"wd-list-content\">Th\u01b0\u01a1ng hi\u1ec7u: Higel<\/span><\/li>\r\n<\/ul>\r\n<\/div>\r\n\r\n\r\n\r\n<div id=\"wd-96e14e09\" class=\"wp-block-wd-column\">\r\n<ul id=\"wd-a3bfc113\" class=\"wp-block-wd-list wd-list wd-type-unordered wd-style-default\">\r\n<li id=\"wd-8a70c99d\" class=\"wp-block-wd-list-item\"><div class=\"wd-icon\"><\/div><span class=\"wd-list-content\">Tr\u1ecdng l\u01b0\u1ee3ng t\u1ecbnh: 12,37kg<\/span><\/li>\r\n\r\n\r\n\r\n<li id=\"wd-0857c3bf\" class=\"wp-block-wd-list-item\"><div class=\"wd-icon\"><\/div><span class=\"wd-list-content\">Dung t\u00edch b\u00ecnh ch\u1ee9a n\u01b0\u1edbc: 1.2L<\/span><\/li>\r\n\r\n\r\n\r\n<li id=\"wd-46f7fa3f\" class=\"wp-block-wd-list-item\"><div class=\"wd-icon\"><\/div><span class=\"wd-list-content\">Ngu\u1ed3n \u0111i\u1ec7n: 115V-60Hz<\/span><\/li>\r\n\r\n\r\n\r\n<li id=\"wd-e1b7a13c\" class=\"wp-block-wd-list-item\"><div class=\"wd-icon\"><\/div><span class=\"wd-list-content\">C\u00f4ng su\u1ea5t: 180W<\/span><\/li>\r\n\r\n\r\n\r\n<li id=\"wd-0ca46157\" class=\"wp-block-wd-list-item\"><div class=\"wd-icon\"><\/div><span class=\"wd-list-content\">S\u1ee9c ch\u1ee9a \u0111\u00e1: 8-10 C\u00c1I<\/span><\/li>\r\n<\/ul>\r\n<\/div>\r\n<\/div>\r\n\r\n\r\n\r\n<p id=\"wd-8b7c0008\" class=\"wp-block-wd-paragraph\">Nh\u00e0 m\u00e1y c\u1ee7a ch\u00fang t\u00f4i chuy\u00ean s\u1ea3n xu\u1ea5t m\u00e1y l\u00e0m \u0111\u00e1 ch\u1ea5t l\u01b0\u1ee3ng cao, mang l\u1ea1i hi\u1ec7u su\u1ea5t \u0111\u00e1ng tin c\u1eady cho m\u1ee5c \u0111\u00edch s\u1eed d\u1ee5ng t\u1ea1i nh\u00e0 v\u00e0 th\u01b0\u01a1ng m\u1ea1i. V\u1edbi kh\u1ea3 n\u0103ng s\u1ea3n xu\u1ea5t quy m\u00f4 l\u1edbn, ch\u00fang t\u00f4i cung c\u1ea5p chi\u1ebft kh\u1ea5u s\u1ed1 l\u01b0\u1ee3ng l\u1edbn c\u1ea1nh tranh. Ch\u00fang t\u00f4i cung c\u1ea5p d\u1ecbch v\u1ee5 OEM v\u00e0 ODM to\u00e0n di\u1ec7n, bao g\u1ed3m thi\u1ebft k\u1ebf logo t\u00f9y ch\u1ec9nh v\u00e0 c\u00e1c gi\u1ea3i ph\u00e1p ph\u00f9 h\u1ee3p \u0111\u1ec3 \u0111\u00e1p \u1ee9ng nhu c\u1ea7u c\u1ee7a th\u01b0\u01a1ng hi\u1ec7u b\u1ea1n. H\u1ee3p t\u00e1c v\u1edbi ch\u00fang t\u00f4i \u0111\u1ec3 c\u00f3 m\u00e1y l\u00e0m \u0111\u00e1 cao c\u1ea5p v\u00e0 gi\u00e1 tr\u1ecb \u0111\u1eb7c bi\u1ec7t!<\/p>\r\n<\/div>\r\n<\/div>\r\n<\/div>","protected":false},"excerpt":{"rendered":"<p>This manual ice maker, featuring slow-melt technology, is ideal for whiskey lovers. It produces 53mm diameter ice balls that effectively preserve the whiskey&#8217;s flavor, melting slowly to keep the whiskey pure. It produces two solid ice balls in 55 minutes, perfect for any gathering. It&#8217;s easy to use, compact, and durable\u2014weekly cleaning is essential for maintaining performance, especially in hard water areas. Elevate your wine tasting experience with these beautiful, durable ice balls.<\/p>","protected":false},"featured_media":34234,"comment_status":"open","ping_status":"closed","template":"","meta":[],"product_brand":[],"product_cat":[68],"product_tag":[],"class_list":{"0":"post-1204","1":"product","2":"type-product","3":"status-publish","4":"has-post-thumbnail","6":"product_cat-ice-ball-maker","8":"first","9":"instock","10":"shipping-taxable","11":"purchasable","12":"product-type-simple"},"_links":{"self":[{"href":"https:\/\/lcmicemaker.com\/vi\/wp-json\/wp\/v2\/product\/1204","targetHints":{"allow":["GET"]}}],"collection":[{"href":"https:\/\/lcmicemaker.com\/vi\/wp-json\/wp\/v2\/product"}],"about":[{"href":"https:\/\/lcmicemaker.com\/vi\/wp-json\/wp\/v2\/types\/product"}],"replies":[{"embeddable":true,"href":"https:\/\/lcmicemaker.com\/vi\/wp-json\/wp\/v2\/comments?post=1204"}],"wp:featuredmedia":[{"embeddable":true,"href":"https:\/\/lcmicemaker.com\/vi\/wp-json\/wp\/v2\/media\/34234"}],"wp:attachment":[{"href":"https:\/\/lcmicemaker.com\/vi\/wp-json\/wp\/v2\/media?parent=1204"}],"wp:term":[{"taxonomy":"product_brand","embeddable":true,"href":"https:\/\/lcmicemaker.com\/vi\/wp-json\/wp\/v2\/product_brand?post=1204"},{"taxonomy":"product_cat","embeddable":true,"href":"https:\/\/lcmicemaker.com\/vi\/wp-json\/wp\/v2\/product_cat?post=1204"},{"taxonomy":"product_tag","embeddable":true,"href":"https:\/\/lcmicemaker.com\/vi\/wp-json\/wp\/v2\/product_tag?post=1204"}],"curies":[{"name":"wp","href":"https:\/\/api.w.org\/{rel}","templated":true}]}}