{"id":1216,"date":"2021-07-23T17:03:21","date_gmt":"2021-07-23T17:03:21","guid":{"rendered":"http:\/\/dummy.xtemos.com\/woodmart2\/?post_type=product&#038;p=1216"},"modified":"2025-08-17T14:43:20","modified_gmt":"2025-08-17T14:43:20","slug":"copper-tube-air-cooled-small-ice-maker","status":"publish","type":"product","link":"https:\/\/lcmicemaker.com\/vi\/product\/copper-tube-air-cooled-small-ice-maker\/","title":{"rendered":"M\u00e1y l\u00e0m \u0111\u00e1 nh\u1ecf l\u00e0m m\u00e1t b\u1eb1ng kh\u00f4ng kh\u00ed b\u1eb1ng \u1ed1ng \u0111\u1ed3ng d\u00f9ng trong gia \u0111\u00ecnh"},"content":{"rendered":"<style id=\"wd-style-blocks-34262-css\" data-type=\"wd-style-blocks-34262\">\n\t\t\t\t#wd-6b673191{font-size: 22px;}#wd-867dbfb8{--wd-row-gap: 10px;}#wd-020edbba{justify-content: center;}#wd-beedac5d{margin-bottom: 30px;}#wd-794bc3ef{font-size: 22px;}#wd-93c9737d li{color: #333333;}#wd-93c9737d .wd-icon{--li-icon-s: 25px;}#wd-a3bfc113 li{color: #333333;}#wd-a3bfc113 .wd-icon{--li-icon-s: 25px;}#wd-6f012d80{justify-content: center;}#wd-67401463{margin-bottom: 30px;}@media (min-width: 769px) {#wd-d7e025c7{flex: 0 1 calc(50% - var(--wd-col-gap) * 1 \/ 2 );}#wd-6f012d80{flex: 0 1 calc(50% - var(--wd-col-gap) * 1 \/ 2 );}}@media (max-width: 1024px) {#wd-020edbba{order: 1;}#wd-beedac5d{--wd-col-gap: 40px;}#wd-d7e025c7{--wd-row-gap: 40px;}#wd-93c9737d .wd-list-content{font-size: 16px;}#wd-a3bfc113 .wd-list-content{font-size: 16px;}}@media (min-width: 769px) and (max-width: 1024px) {#wd-020edbba{flex: 0 1 calc(100% - var(--wd-col-gap) * 0 \/ 1 );}#wd-9a0c395c{flex: 0 1 calc(100% - var(--wd-col-gap) * 0 \/ 1 );}#wd-d7e025c7{flex: 0 1 calc(100% - var(--wd-col-gap) * 0 \/ 1 );}#wd-6f012d80{flex: 0 1 calc(100% - var(--wd-col-gap) * 0 \/ 1 );}}@media (max-width: 768.98px) {#wd-6b673191{font-size: 20px;}#wd-794bc3ef{font-size: 20px;}#wd-93c9737d{--wd-row-gap: 25px;}#wd-a3bfc113{--wd-row-gap: 25px;}}\t\t\t<\/style>\n\t\t\t\n<div id=\"wd-1597c3e9\" class=\"wp-block-wd-container wd-dir-col\">\n<div id=\"wd-beedac5d\" class=\"wp-block-wd-row\">\n<div id=\"wd-020edbba\" class=\"wp-block-wd-column\">\n<h2 id=\"wd-6b673191\" class=\"wp-block-wd-title title\">B\u1ea3o v\u1ec7 to\u00e0n di\u1ec7n<\/h2>\n\n\n\n<p id=\"wd-05f249ad\" class=\"wp-block-wd-paragraph\">\u0110\u00e1nh b\u1ea1i c\u00e1i n\u00f3ng thi\u00eau \u0111\u1ed1t c\u1ee7a m\u00f9a h\u00e8 v\u1edbi ngu\u1ed3n cung c\u1ea5p \u0111\u00e1 \u1ed5n \u0111\u1ecbnh cho b\u1eefa ti\u1ec7c n\u01b0\u1edbng ngo\u00e0i tr\u1eddi, \u0111\u1ed3 u\u1ed1ng \u01b0\u1edbp l\u1ea1nh t\u1ea1i qu\u00e1n c\u00e0 ph\u00ea ho\u1eb7c \u0111\u1ed3 u\u1ed1ng gi\u1ea3i kh\u00e1t t\u1ea1i nh\u00e0. M\u00e1y l\u00e0m \u0111\u00e1 nh\u1ecf g\u1ecdn n\u00e0y cung c\u1ea5p \u0111\u00e1 v\u00f4 t\u1eadn cho c\u1ea3 m\u1ee5c \u0111\u00edch s\u1eed d\u1ee5ng t\u1ea1i nh\u00e0 v\u00e0 th\u01b0\u01a1ng m\u1ea1i, ph\u00f9 h\u1ee3p ho\u00e0n h\u1ea3o v\u1edbi m\u1ecdi m\u1eb7t b\u00e0n b\u1ebfp. V\u1edbi m\u1ee9c gi\u00e1 ch\u1ec9 $68 khi \u0111\u1eb7t h\u00e0ng t\u1ed1i thi\u1ec3u 1 \u0111\u01a1n v\u1ecb, \u0111\u00e2y l\u00e0 m\u1ed9t m\u00f3n h\u1eddi tr\u1ef1c ti\u1ebfp t\u1eeb nh\u00e0 s\u1ea3n xu\u1ea5t. \u0110\u1eebng lo l\u1eafng v\u1ec1 \u0111\u1ee3t n\u1eafng n\u00f3ng ti\u1ebfp theo\u2014h\u00e3y \u0111\u1eb7t h\u00e0ng ngay v\u00e0 gi\u1eef cho \u0111\u00e1 ch\u1ea3y trong m\u1ecdi kho\u1ea3nh kh\u1eafc n\u00f3ng b\u1ecfng!<\/p>\n\n\n\n<ul id=\"wd-867dbfb8\" class=\"wp-block-wd-list wd-list wd-type-unordered wd-style-default\">\n<li id=\"wd-d838a438\" class=\"wp-block-wd-list-item\"><div class=\"wd-icon\"><\/div><span class=\"wd-list-content\">L\u00e0m \u0111\u00e1 nhanh trong 6-12 ph\u00fat<\/span><\/li>\n\n\n\n<li id=\"wd-77489dec\" class=\"wp-block-wd-list-item\"><div class=\"wd-icon\"><\/div><span class=\"wd-list-content\">Ph\u00e1t hi\u1ec7n b\u0103ng \u0111\u1ea7y b\u1eb1ng tia h\u1ed3ng ngo\u1ea1i<\/span><\/li>\n\n\n\n<li id=\"wd-7f734f05\" class=\"wp-block-wd-list-item\"><div class=\"wd-icon\"><\/div><span class=\"wd-list-content\">K\u00edch th\u01b0\u1edbc vi\u00ean \u0111\u00e1 c\u00f3 th\u1ec3 \u0111i\u1ec1u ch\u1ec9nh<\/span><\/li>\n\n\n\n<li id=\"wd-1c7438cc\" class=\"wp-block-wd-list-item\"><div class=\"wd-icon\"><\/div><span class=\"wd-list-content\">Ch\u1ee9c n\u0103ng v\u1ec7 sinh t\u1ef1 \u0111\u1ed9ng<\/span><\/li>\n<\/ul>\n\n\n\n<a id=\"wd-86eead31\" class=\"wp-block-wd-button btn btn-style-default btn-color-primary btn-size-default btn-shape-semi-round\" rel=\"noreferrer noopener\" href=\"https:\/\/wa.me\/8615914802022\" target=\"_blank\"><span>Li\u00ean h\u1ec7 v\u1edbi ch\u00fang t\u00f4i<\/span><\/a>\n<\/div>\n\n\n\n<div id=\"wd-9a0c395c\" class=\"wp-block-wd-column\">\n<div id=\"wd-50b09146\" class=\"wp-block-wd-image wd-block-image\"><img loading=\"lazy\" decoding=\"async\" width=\"1362\" height=\"1111\" class=\"wp-image-34250\" src=\"https:\/\/lcmicemaker.com\/wp-content\/uploads\/2021\/07\/\u62c9\u957f.jpg\" alt=\"\" srcset=\"https:\/\/lcmicemaker.com\/wp-content\/uploads\/2021\/07\/\u62c9\u957f.jpg 1362w, https:\/\/lcmicemaker.com\/wp-content\/uploads\/2021\/07\/\u62c9\u957f-368x300.jpg 368w, https:\/\/lcmicemaker.com\/wp-content\/uploads\/2021\/07\/\u62c9\u957f-981x800.jpg 981w, https:\/\/lcmicemaker.com\/wp-content\/uploads\/2021\/07\/\u62c9\u957f-768x626.jpg 768w, https:\/\/lcmicemaker.com\/wp-content\/uploads\/2021\/07\/\u62c9\u957f-430x351.jpg 430w, https:\/\/lcmicemaker.com\/wp-content\/uploads\/2021\/07\/\u62c9\u957f-700x571.jpg 700w, https:\/\/lcmicemaker.com\/wp-content\/uploads\/2021\/07\/\u62c9\u957f-150x122.jpg 150w\" sizes=\"auto, (max-width: 1362px) 100vw, 1362px\" \/><\/div>\n<\/div>\n<\/div>\n\n\n\n<div id=\"wd-67401463\" class=\"wp-block-wd-row\">\n<div id=\"wd-d7e025c7\" class=\"wp-block-wd-column\">\n<div id=\"wd-f4d0786d\" class=\"wp-block-wd-gallery wd-grid-g wd-caption-mask\" style=\"--wd-col-lg:2;--wd-col-md:2;--wd-col-sm:2;--wd-gap-lg:20px;--wd-gap-sm: 10px;\">\n<div id=\"wd-9fcdcd96\" class=\"wp-block-wd-gallery-item wd-col\"><div class=\"wd-block-image\"><img loading=\"lazy\" decoding=\"async\" width=\"1024\" height=\"1024\" class=\"wp-image-34248\" src=\"https:\/\/lcmicemaker.com\/wp-content\/uploads\/2021\/07\/EB611A8FD33DBD746188AFF67EA63E21.png\" alt=\"\" srcset=\"https:\/\/lcmicemaker.com\/wp-content\/uploads\/2021\/07\/EB611A8FD33DBD746188AFF67EA63E21.png 1024w, https:\/\/lcmicemaker.com\/wp-content\/uploads\/2021\/07\/EB611A8FD33DBD746188AFF67EA63E21-300x300.png 300w, https:\/\/lcmicemaker.com\/wp-content\/uploads\/2021\/07\/EB611A8FD33DBD746188AFF67EA63E21-800x800.png 800w, https:\/\/lcmicemaker.com\/wp-content\/uploads\/2021\/07\/EB611A8FD33DBD746188AFF67EA63E21-150x150.png 150w, https:\/\/lcmicemaker.com\/wp-content\/uploads\/2021\/07\/EB611A8FD33DBD746188AFF67EA63E21-768x768.png 768w, https:\/\/lcmicemaker.com\/wp-content\/uploads\/2021\/07\/EB611A8FD33DBD746188AFF67EA63E21-430x430.png 430w, https:\/\/lcmicemaker.com\/wp-content\/uploads\/2021\/07\/EB611A8FD33DBD746188AFF67EA63E21-700x700.png 700w\" sizes=\"auto, (max-width: 1024px) 100vw, 1024px\" \/><\/div><\/div>\n\n\n\n<div id=\"wd-de548097\" class=\"wp-block-wd-gallery-item wd-col\"><div class=\"wd-block-image\"><img loading=\"lazy\" decoding=\"async\" width=\"800\" height=\"800\" class=\"wp-image-34251\" src=\"https:\/\/lcmicemaker.com\/wp-content\/uploads\/2021\/07\/\u516c\u6b3e-\u5c3a\u5bf8\u56fe-1.jpg\" alt=\"\" srcset=\"https:\/\/lcmicemaker.com\/wp-content\/uploads\/2021\/07\/\u516c\u6b3e-\u5c3a\u5bf8\u56fe-1.jpg 800w, https:\/\/lcmicemaker.com\/wp-content\/uploads\/2021\/07\/\u516c\u6b3e-\u5c3a\u5bf8\u56fe-1-300x300.jpg 300w, https:\/\/lcmicemaker.com\/wp-content\/uploads\/2021\/07\/\u516c\u6b3e-\u5c3a\u5bf8\u56fe-1-150x150.jpg 150w, https:\/\/lcmicemaker.com\/wp-content\/uploads\/2021\/07\/\u516c\u6b3e-\u5c3a\u5bf8\u56fe-1-768x768.jpg 768w, https:\/\/lcmicemaker.com\/wp-content\/uploads\/2021\/07\/\u516c\u6b3e-\u5c3a\u5bf8\u56fe-1-430x430.jpg 430w, https:\/\/lcmicemaker.com\/wp-content\/uploads\/2021\/07\/\u516c\u6b3e-\u5c3a\u5bf8\u56fe-1-700x700.jpg 700w\" sizes=\"auto, (max-width: 800px) 100vw, 800px\" \/><\/div><\/div>\n<\/div>\n<\/div>\n\n\n\n<div id=\"wd-6f012d80\" class=\"wp-block-wd-column\">\n<h2 id=\"wd-794bc3ef\" class=\"wp-block-wd-title title\">T\u00ednh n\u0103ng\u200b<\/h2>\n\n\n\n<div id=\"wd-0c4ee0bc\" class=\"wp-block-wd-row\">\n<div id=\"wd-9d3f655d\" class=\"wp-block-wd-column\">\n<ul id=\"wd-93c9737d\" class=\"wp-block-wd-list wd-list wd-type-unordered wd-style-default\">\n<li id=\"wd-6d764983\" class=\"wp-block-wd-list-item\"><div class=\"wd-icon\"><\/div><span class=\"wd-list-content\">M\u00e0u s\u1eafc: \u0110en, Tr\u1eafng, B\u1ea1c<\/span><\/li>\n\n\n\n<li id=\"wd-11ab7326\" class=\"wp-block-wd-list-item\"><div class=\"wd-icon\"><\/div><span class=\"wd-list-content\">K\u00edch th\u01b0\u1edbc: 225<em>*29<\/em>2*285mm<\/span><\/li>\n\n\n\n<li id=\"wd-5151387c\" class=\"wp-block-wd-list-item\"><div class=\"wd-icon\"><\/div><span class=\"wd-list-content\">S\u1ea3n l\u01b0\u1ee3ng \u0111\u00e1 (24 gi\u1edd): 12KG<\/span><\/li>\n\n\n\n<li id=\"wd-6a012dd6\" class=\"wp-block-wd-list-item\"><div class=\"wd-icon\"><\/div><span class=\"wd-list-content\">Ki\u1ec3u kh\u00ed h\u1eadu: ST\/N\/SN<\/span><\/li>\n\n\n\n<li id=\"wd-7b2098fc\" class=\"wp-block-wd-list-item\"><div class=\"wd-icon\"><\/div><span class=\"wd-list-content\">Th\u01b0\u01a1ng hi\u1ec7u: Higel<\/span><\/li>\n<\/ul>\n<\/div>\n\n\n\n<div id=\"wd-96e14e09\" class=\"wp-block-wd-column\">\n<ul id=\"wd-a3bfc113\" class=\"wp-block-wd-list wd-list wd-type-unordered wd-style-default\">\n<li id=\"wd-8a70c99d\" class=\"wp-block-wd-list-item\"><div class=\"wd-icon\"><\/div><span class=\"wd-list-content\">Tr\u1ecdng l\u01b0\u1ee3ng t\u1ecbnh: 6,36kg<\/span><\/li>\n\n\n\n<li id=\"wd-0857c3bf\" class=\"wp-block-wd-list-item\"><div class=\"wd-icon\"><\/div><span class=\"wd-list-content\">Dung t\u00edch b\u00ecnh ch\u1ee9a n\u01b0\u1edbc: 1.3L<\/span><\/li>\n\n\n\n<li id=\"wd-46f7fa3f\" class=\"wp-block-wd-list-item\"><div class=\"wd-icon\"><\/div><span class=\"wd-list-content\">Ngu\u1ed3n \u0111i\u1ec7n: 115V-60Hz<\/span><\/li>\n\n\n\n<li id=\"wd-e1b7a13c\" class=\"wp-block-wd-list-item\"><div class=\"wd-icon\"><\/div><span class=\"wd-list-content\">C\u00f4ng su\u1ea5t: 110W<\/span><\/li>\n\n\n\n<li id=\"wd-0ca46157\" class=\"wp-block-wd-list-item\"><div class=\"wd-icon\"><\/div><span class=\"wd-list-content\">S\u1ee9c ch\u1ee9a \u0111\u00e1: 0.6KG\/63PCS<\/span><\/li>\n<\/ul>\n<\/div>\n<\/div>\n\n\n\n<p id=\"wd-8b7c0008\" class=\"wp-block-wd-paragraph\">Nh\u00e0 m\u00e1y c\u1ee7a ch\u00fang t\u00f4i chuy\u00ean s\u1ea3n xu\u1ea5t m\u00e1y l\u00e0m \u0111\u00e1 ch\u1ea5t l\u01b0\u1ee3ng cao, mang l\u1ea1i hi\u1ec7u su\u1ea5t \u0111\u00e1ng tin c\u1eady cho m\u1ee5c \u0111\u00edch s\u1eed d\u1ee5ng t\u1ea1i nh\u00e0 v\u00e0 th\u01b0\u01a1ng m\u1ea1i. V\u1edbi kh\u1ea3 n\u0103ng s\u1ea3n xu\u1ea5t quy m\u00f4 l\u1edbn, ch\u00fang t\u00f4i cung c\u1ea5p chi\u1ebft kh\u1ea5u s\u1ed1 l\u01b0\u1ee3ng l\u1edbn c\u1ea1nh tranh. Ch\u00fang t\u00f4i cung c\u1ea5p d\u1ecbch v\u1ee5 OEM v\u00e0 ODM to\u00e0n di\u1ec7n, bao g\u1ed3m thi\u1ebft k\u1ebf logo t\u00f9y ch\u1ec9nh v\u00e0 c\u00e1c gi\u1ea3i ph\u00e1p ph\u00f9 h\u1ee3p \u0111\u1ec3 \u0111\u00e1p \u1ee9ng nhu c\u1ea7u c\u1ee7a th\u01b0\u01a1ng hi\u1ec7u b\u1ea1n. H\u1ee3p t\u00e1c v\u1edbi ch\u00fang t\u00f4i \u0111\u1ec3 c\u00f3 m\u00e1y l\u00e0m \u0111\u00e1 cao c\u1ea5p v\u00e0 gi\u00e1 tr\u1ecb \u0111\u1eb7c bi\u1ec7t!<\/p>\n<\/div>\n<\/div>\n<\/div>","protected":false},"excerpt":{"rendered":"<p>M\u00e1y l\u00e0m \u0111\u00e1 nh\u1ecf g\u1ecdn cung c\u1ea5p trong v\u00f2ng 6-12 ph\u00fat, v\u1edbi k\u00edch th\u01b0\u1edbc vi\u00ean \u0111\u00e1 c\u00f3 th\u1ec3 \u0111i\u1ec1u ch\u1ec9nh, c\u1ea3nh b\u00e1o n\u01b0\u1edbc th\u00f4ng minh v\u00e0 t\u1ef1 l\u00e0m s\u1ea1ch. Ho\u00e0n h\u1ea3o cho gia \u0111\u00ecnh ho\u1eb7c doanh nghi\u1ec7p, \u0111\u1ea3m b\u1ea3o \u0111\u00e1 t\u01b0\u01a1i d\u1ec5 d\u00e0ng.<\/p>","protected":false},"featured_media":34415,"comment_status":"open","ping_status":"closed","template":"","meta":[],"product_brand":[69],"product_cat":[67],"product_tag":[],"class_list":{"0":"post-1216","1":"product","2":"type-product","3":"status-publish","4":"has-post-thumbnail","6":"product_brand-hxx","7":"product_cat-bullet-ice","9":"first","10":"instock","11":"shipping-taxable","12":"purchasable","13":"product-type-variable"},"_links":{"self":[{"href":"https:\/\/lcmicemaker.com\/vi\/wp-json\/wp\/v2\/product\/1216","targetHints":{"allow":["GET"]}}],"collection":[{"href":"https:\/\/lcmicemaker.com\/vi\/wp-json\/wp\/v2\/product"}],"about":[{"href":"https:\/\/lcmicemaker.com\/vi\/wp-json\/wp\/v2\/types\/product"}],"replies":[{"embeddable":true,"href":"https:\/\/lcmicemaker.com\/vi\/wp-json\/wp\/v2\/comments?post=1216"}],"wp:featuredmedia":[{"embeddable":true,"href":"https:\/\/lcmicemaker.com\/vi\/wp-json\/wp\/v2\/media\/34415"}],"wp:attachment":[{"href":"https:\/\/lcmicemaker.com\/vi\/wp-json\/wp\/v2\/media?parent=1216"}],"wp:term":[{"taxonomy":"product_brand","embeddable":true,"href":"https:\/\/lcmicemaker.com\/vi\/wp-json\/wp\/v2\/product_brand?post=1216"},{"taxonomy":"product_cat","embeddable":true,"href":"https:\/\/lcmicemaker.com\/vi\/wp-json\/wp\/v2\/product_cat?post=1216"},{"taxonomy":"product_tag","embeddable":true,"href":"https:\/\/lcmicemaker.com\/vi\/wp-json\/wp\/v2\/product_tag?post=1216"}],"curies":[{"name":"wp","href":"https:\/\/api.w.org\/{rel}","templated":true}]}}