{"id":370,"date":"2017-06-22T09:11:07","date_gmt":"2017-06-22T09:11:07","guid":{"rendered":"http:\/\/dummy.xtemos.com\/woodmart\/?post_type=product&#038;p=370"},"modified":"2025-08-17T14:44:56","modified_gmt":"2025-08-17T14:44:56","slug":"soft-ice-maker-with-water-box","status":"publish","type":"product","link":"https:\/\/lcmicemaker.com\/vi\/product\/soft-ice-maker-with-water-box\/","title":{"rendered":"M\u00e1y l\u00e0m \u0111\u00e1 m\u1ec1m ho\u00e0n to\u00e0n t\u1ef1 \u0111\u1ed9ng c\u00f3 h\u1ed9p \u0111\u1ef1ng n\u01b0\u1edbc"},"content":{"rendered":"<div id=\"wd-1597c3e9\" class=\"wp-block-wd-container wd-dir-col\">\r\n<div id=\"wd-beedac5d\" class=\"wp-block-wd-row\">\r\n<div id=\"wd-020edbba\" class=\"wp-block-wd-column\">\r\n<h2 id=\"wd-6b673191\" class=\"wp-block-wd-title title\">M\u00e1y L\u00e0m \u0110\u00e1 M\u1ec1m C\u00f3 H\u1ed9p \u0110\u1ef1ng N\u01b0\u1edbc<\/h2>\r\n\r\n\r\n\r\n<p id=\"wd-05f249ad\" class=\"wp-block-wd-paragraph\">Bring the magic of restaurant-style, soft, chewable nugget ice home with lcmke! Our nugget ice makers craft slow-melting, crunchy ice perfect for chilling smoothies, cocktails, or any drink. With fast production, energy-efficient design, whisper-quiet operation, and a built-in water tank for larger capacity\u2014reducing refill frequency\u2014it\u2019s a convenient, seamless addition to your kitchen, office, or party space. Enjoy refreshing, delightful ice anytime\u2014your taste buds will thank you!<\/p>\r\n\r\n\r\n\r\n<ul id=\"wd-867dbfb8\" class=\"wp-block-wd-list wd-list wd-type-unordered wd-style-default\">\r\n<li id=\"wd-d838a438\" class=\"wp-block-wd-list-item\"><div class=\"wd-icon\"><\/div><span class=\"wd-list-content\">\u0110\u00e1 m\u1ec1m, d\u1ec5 nhai, tan ch\u1eadm<\/span><\/li>\r\n\r\n\r\n\r\n<li id=\"wd-77489dec\" class=\"wp-block-wd-list-item\"><div class=\"wd-icon\"><\/div><span class=\"wd-list-content\">S\u1ea3n xu\u1ea5t nhanh, Thi\u1ebft k\u1ebf ti\u1ebft ki\u1ec7m n\u0103ng l\u01b0\u1ee3ng<\/span><\/li>\r\n\r\n\r\n\r\n<li id=\"wd-7f734f05\" class=\"wp-block-wd-list-item\"><div class=\"wd-icon\"><\/div><span class=\"wd-list-content\">Ho\u1ea1t \u0111\u1ed9ng \u00eam \u00e1i cho m\u1ecdi kh\u00f4ng gian<\/span><\/li>\r\n\r\n\r\n\r\n<li id=\"wd-1c7438cc\" class=\"wp-block-wd-list-item\"><div class=\"wd-icon\"><\/div><span class=\"wd-list-content\">B\u00ecnh ch\u1ee9a n\u01b0\u1edbc l\u1edbn, \u00edt ph\u1ea3i n\u1ea1p l\u1ea1i<\/span><\/li>\r\n<\/ul>\r\n\r\n\r\n\r\n<a id=\"wd-86eead31\" class=\"wp-block-wd-button btn btn-style-default btn-color-primary btn-size-default btn-shape-semi-round\" rel=\"noreferrer noopener\" href=\"https:\/\/wa.me\/8615914802022\" target=\"_blank\"><span>Li\u00ean h\u1ec7 v\u1edbi ch\u00fang t\u00f4i<\/span><\/a>\r\n<\/div>\r\n\r\n\r\n\r\n<div id=\"wd-9a0c395c\" class=\"wp-block-wd-column\">\r\n<div id=\"wd-50b09146\" class=\"wp-block-wd-image wd-block-image\"><img decoding=\"async\" class=\"wp-image-34428\" src=\"https:\/\/lcmicemaker.com\/wp-content\/uploads\/2017\/06\/\u5fae\u4fe1\u56fe\u7247_2025-08-17_222904_792.png\" alt=\"\"\/><\/div>\r\n<\/div>\r\n<\/div>\r\n\r\n\r\n\r\n<div id=\"wd-67401463\" class=\"wp-block-wd-row\">\r\n<div id=\"wd-d7e025c7\" class=\"wp-block-wd-column\">\r\n<div id=\"wd-f4d0786d\" class=\"wp-block-wd-gallery wd-grid-g wd-caption-mask\" style=\"--wd-col-lg:2;--wd-col-md:2;--wd-col-sm:2;--wd-gap-lg:20px;--wd-gap-sm: 10px;\">\r\n<div id=\"wd-6fa9276c\" class=\"wp-block-wd-gallery-item wd-col\"><div class=\"wd-block-image\"><img loading=\"lazy\" decoding=\"async\" width=\"800\" height=\"800\" class=\"wp-image-34417\" src=\"https:\/\/lcmicemaker.com\/wp-content\/uploads\/2017\/06\/\u6c34\u7bb1\u7248.jpg\" alt=\"\" srcset=\"https:\/\/lcmicemaker.com\/wp-content\/uploads\/2017\/06\/\u6c34\u7bb1\u7248.jpg 800w, https:\/\/lcmicemaker.com\/wp-content\/uploads\/2017\/06\/\u6c34\u7bb1\u7248-300x300.jpg 300w, https:\/\/lcmicemaker.com\/wp-content\/uploads\/2017\/06\/\u6c34\u7bb1\u7248-150x150.jpg 150w, https:\/\/lcmicemaker.com\/wp-content\/uploads\/2017\/06\/\u6c34\u7bb1\u7248-768x768.jpg 768w, https:\/\/lcmicemaker.com\/wp-content\/uploads\/2017\/06\/\u6c34\u7bb1\u7248-12x12.jpg 12w, https:\/\/lcmicemaker.com\/wp-content\/uploads\/2017\/06\/\u6c34\u7bb1\u7248-430x430.jpg 430w, https:\/\/lcmicemaker.com\/wp-content\/uploads\/2017\/06\/\u6c34\u7bb1\u7248-700x700.jpg 700w\" sizes=\"auto, (max-width: 800px) 100vw, 800px\" \/><\/div><\/div>\r\n\r\n\r\n\r\n<div id=\"wd-ebfa0846\" class=\"wp-block-wd-gallery-item wd-col\"><div class=\"wd-block-image\"><img loading=\"lazy\" decoding=\"async\" width=\"711\" height=\"681\" class=\"wp-image-34303\" src=\"https:\/\/lcmicemaker.com\/wp-content\/uploads\/2017\/06\/\u5c3a\u5bf8-2.png\" alt=\"\" srcset=\"https:\/\/lcmicemaker.com\/wp-content\/uploads\/2017\/06\/\u5c3a\u5bf8-2.png 711w, https:\/\/lcmicemaker.com\/wp-content\/uploads\/2017\/06\/\u5c3a\u5bf8-2-313x300.png 313w, https:\/\/lcmicemaker.com\/wp-content\/uploads\/2017\/06\/\u5c3a\u5bf8-2-430x412.png 430w, https:\/\/lcmicemaker.com\/wp-content\/uploads\/2017\/06\/\u5c3a\u5bf8-2-700x670.png 700w, https:\/\/lcmicemaker.com\/wp-content\/uploads\/2017\/06\/\u5c3a\u5bf8-2-150x144.png 150w\" sizes=\"auto, (max-width: 711px) 100vw, 711px\" \/><\/div><\/div>\r\n<\/div>\r\n<\/div>\r\n\r\n\r\n\r\n<div id=\"wd-6f012d80\" class=\"wp-block-wd-column\">\r\n<h2 id=\"wd-794bc3ef\" class=\"wp-block-wd-title title\">T\u00ednh n\u0103ng\u200b<\/h2>\r\n\r\n\r\n\r\n<div id=\"wd-0c4ee0bc\" class=\"wp-block-wd-row\">\r\n<div id=\"wd-9d3f655d\" class=\"wp-block-wd-column\">\r\n<ul id=\"wd-93c9737d\" class=\"wp-block-wd-list wd-list wd-type-unordered wd-style-default\">\r\n<li id=\"wd-6d764983\" class=\"wp-block-wd-list-item\"><div class=\"wd-icon\"><\/div><span class=\"wd-list-content\">M\u00e0u s\u1eafc: \u0110en, Tr\u1eafng, B\u1ea1c<\/span><\/li>\r\n\r\n\r\n\r\n<li id=\"wd-11ab7326\" class=\"wp-block-wd-list-item\"><div class=\"wd-icon\"><\/div><span class=\"wd-list-content\">K\u00edch th\u01b0\u1edbc: Ch\u00ednh 300*<em>246<\/em>*405mm, B\u00ecnh ch\u1ee9a n\u01b0\u1edbc 75*<em>170<\/em>*397mm<\/span><\/li>\r\n\r\n\r\n\r\n<li id=\"wd-5151387c\" class=\"wp-block-wd-list-item\"><div class=\"wd-icon\"><\/div><span class=\"wd-list-content\">S\u1ea3n l\u01b0\u1ee3ng \u0111\u00e1 (24 gi\u1edd): 17KG<\/span><\/li>\r\n\r\n\r\n\r\n<li id=\"wd-6a012dd6\" class=\"wp-block-wd-list-item\"><div class=\"wd-icon\"><\/div><span class=\"wd-list-content\">Ki\u1ec3u kh\u00ed h\u1eadu: ST\/N\/SN<\/span><\/li>\r\n\r\n\r\n\r\n<li id=\"wd-7b2098fc\" class=\"wp-block-wd-list-item\"><div class=\"wd-icon\"><\/div><span class=\"wd-list-content\">Th\u01b0\u01a1ng hi\u1ec7u: Higel<\/span><\/li>\r\n<\/ul>\r\n<\/div>\r\n\r\n\r\n\r\n<div id=\"wd-96e14e09\" class=\"wp-block-wd-column\">\r\n<ul id=\"wd-a3bfc113\" class=\"wp-block-wd-list wd-list wd-type-unordered wd-style-default\">\r\n<li id=\"wd-8a70c99d\" class=\"wp-block-wd-list-item\"><div class=\"wd-icon\"><\/div><span class=\"wd-list-content\">Tr\u1ecdng l\u01b0\u1ee3ng t\u1ecbnh: 11,7kg<\/span><\/li>\r\n\r\n\r\n\r\n<li id=\"wd-0857c3bf\" class=\"wp-block-wd-list-item\"><div class=\"wd-icon\"><\/div><span class=\"wd-list-content\">Dung t\u00edch b\u00ecnh ch\u1ee9a n\u01b0\u1edbc: 1.3L+3L<\/span><\/li>\r\n\r\n\r\n\r\n<li id=\"wd-46f7fa3f\" class=\"wp-block-wd-list-item\"><div class=\"wd-icon\"><\/div><span class=\"wd-list-content\">Ngu\u1ed3n \u0111i\u1ec7n: 120V-60Hz<\/span><\/li>\r\n\r\n\r\n\r\n<li id=\"wd-e1b7a13c\" class=\"wp-block-wd-list-item\"><div class=\"wd-icon\"><\/div><span class=\"wd-list-content\">C\u00f4ng su\u1ea5t: 110W<\/span><\/li>\r\n\r\n\r\n\r\n<li id=\"wd-0ca46157\" class=\"wp-block-wd-list-item\"><div class=\"wd-icon\"><\/div><span class=\"wd-list-content\">S\u1ee9c ch\u1ee9a \u0111\u00e1: 0.8-1.2KG<\/span><\/li>\r\n<\/ul>\r\n<\/div>\r\n<\/div>\r\n\r\n\r\n\r\n<p id=\"wd-8b7c0008\" class=\"wp-block-wd-paragraph\">Nh\u00e0 m\u00e1y c\u1ee7a ch\u00fang t\u00f4i chuy\u00ean s\u1ea3n xu\u1ea5t m\u00e1y l\u00e0m \u0111\u00e1 ch\u1ea5t l\u01b0\u1ee3ng cao, mang l\u1ea1i hi\u1ec7u su\u1ea5t \u0111\u00e1ng tin c\u1eady cho m\u1ee5c \u0111\u00edch s\u1eed d\u1ee5ng t\u1ea1i nh\u00e0 v\u00e0 th\u01b0\u01a1ng m\u1ea1i. V\u1edbi kh\u1ea3 n\u0103ng s\u1ea3n xu\u1ea5t quy m\u00f4 l\u1edbn, ch\u00fang t\u00f4i cung c\u1ea5p chi\u1ebft kh\u1ea5u s\u1ed1 l\u01b0\u1ee3ng l\u1edbn c\u1ea1nh tranh. Ch\u00fang t\u00f4i cung c\u1ea5p d\u1ecbch v\u1ee5 OEM v\u00e0 ODM to\u00e0n di\u1ec7n, bao g\u1ed3m thi\u1ebft k\u1ebf logo t\u00f9y ch\u1ec9nh v\u00e0 c\u00e1c gi\u1ea3i ph\u00e1p ph\u00f9 h\u1ee3p \u0111\u1ec3 \u0111\u00e1p \u1ee9ng nhu c\u1ea7u c\u1ee7a th\u01b0\u01a1ng hi\u1ec7u b\u1ea1n. H\u1ee3p t\u00e1c v\u1edbi ch\u00fang t\u00f4i \u0111\u1ec3 c\u00f3 m\u00e1y l\u00e0m \u0111\u00e1 cao c\u1ea5p v\u00e0 gi\u00e1 tr\u1ecb \u0111\u1eb7c bi\u1ec7t!<\/p>\r\n<\/div>\r\n<\/div>\r\n<\/div>","protected":false},"excerpt":{"rendered":"<p>N\u00f3 cung c\u1ea5p nh\u1eefng vi\u00ean \u0111\u00e1 vi\u00ean dai, gi\u00f2n, th\u01a1m ngon, gi\u1eef nguy\u00ean h\u01b0\u01a1ng v\u1ecb, kh\u00f4ng gi\u1ed1ng nh\u01b0 nh\u1eefng vi\u00ean \u0111\u00e1 vi\u00ean c\u1ee9ng truy\u1ec1n th\u1ed1ng. Nh\u1eefng vi\u00ean \u0111\u00e1 vi\u00ean t\u01b0\u01a1i m\u00e1t \u0111\u01b0\u1ee3c l\u00e0m t\u1eeb nh\u1eefng vi\u00ean \u0111\u00e1 n\u00e9n, ho\u00e0n h\u1ea3o cho cocktail, soda v\u00e0 c\u00e1c lo\u1ea1i \u0111\u1ed3 u\u1ed1ng kh\u00e1c.<\/p>","protected":false},"featured_media":34417,"comment_status":"open","ping_status":"closed","template":"","meta":[],"product_brand":[],"product_cat":[70],"product_tag":[],"class_list":{"0":"post-370","1":"product","2":"type-product","3":"status-publish","4":"has-post-thumbnail","6":"product_cat-soft-ice","8":"first","9":"instock","10":"shipping-taxable","11":"purchasable","12":"product-type-simple"},"_links":{"self":[{"href":"https:\/\/lcmicemaker.com\/vi\/wp-json\/wp\/v2\/product\/370","targetHints":{"allow":["GET"]}}],"collection":[{"href":"https:\/\/lcmicemaker.com\/vi\/wp-json\/wp\/v2\/product"}],"about":[{"href":"https:\/\/lcmicemaker.com\/vi\/wp-json\/wp\/v2\/types\/product"}],"replies":[{"embeddable":true,"href":"https:\/\/lcmicemaker.com\/vi\/wp-json\/wp\/v2\/comments?post=370"}],"wp:featuredmedia":[{"embeddable":true,"href":"https:\/\/lcmicemaker.com\/vi\/wp-json\/wp\/v2\/media\/34417"}],"wp:attachment":[{"href":"https:\/\/lcmicemaker.com\/vi\/wp-json\/wp\/v2\/media?parent=370"}],"wp:term":[{"taxonomy":"product_brand","embeddable":true,"href":"https:\/\/lcmicemaker.com\/vi\/wp-json\/wp\/v2\/product_brand?post=370"},{"taxonomy":"product_cat","embeddable":true,"href":"https:\/\/lcmicemaker.com\/vi\/wp-json\/wp\/v2\/product_cat?post=370"},{"taxonomy":"product_tag","embeddable":true,"href":"https:\/\/lcmicemaker.com\/vi\/wp-json\/wp\/v2\/product_tag?post=370"}],"curies":[{"name":"wp","href":"https:\/\/api.w.org\/{rel}","templated":true}]}}